{"id":478686,"date":"2025-04-21T11:44:04","date_gmt":"2025-04-21T18:44:04","guid":{"rendered":"https:\/\/blog.jefebet.com\/codigo-promocional-jefebet\/"},"modified":"2025-04-22T04:51:14","modified_gmt":"2025-04-22T11:51:14","slug":"codigo-promocional-jefebet","status":"publish","type":"page","link":"https:\/\/blog.jefebet.com\/es\/codigo-promocional-jefebet\/","title":{"rendered":"C\u00f3digo promocional JefeBet"},"content":{"rendered":"<div class=\"pc-page\">\n<div class=\"pc-page-container\">\n<div class=\"pc-box\">\n<div class=\"pc-logo\"><img decoding=\"async\" src=\"https:\/\/blog.jefebet.com\/wp-content\/uploads\/2023\/10\/new-logo-retina.png\" alt=\"Logotipo JefeBet\"><\/div>\n<div class=\"pc-details\">\n<div class=\"pc-text\">Consigue 100.000 CG y 5 SC gratis al registrarte<\/div>\n<\/div>\n<div class=\"pc-button\"><a class=\"elementor-button elementor-button-link elementor-size-sm\" href=\"https:\/\/www.jefebet.com\/register\" target=\"_blank\" rel=\"noopener\"><span class=\"elementor-button-content-wrapper\"><span class=\"elementor-button-text\">\u00danete a Jefe<\/span><\/span><\/a><\/div>\n<\/div>\n<\/div>\n<h1>Detalles de la oferta del C\u00f3digo Promocional JefeBet<\/h1>\n<p>\u00bfBuscas la mejor oferta disponible de c\u00f3digo promocional de JefeBet? Te tenemos cubierto con una promoci\u00f3n exclusiva disponible s\u00f3lo para los lectores de nuestro blog. <\/p>\n<p><strong>Los nuevos jugadores pueden utilizar el c\u00f3digo promocional JEFEBONUS para reclamar un exclusivo paquete de bienvenida que incluye lo siguiente:<\/strong><\/p>\n<ul>\n<li>100.000 CG + 5 SC gratis al registrarte (No se requiere compra)<\/li>\n<li>Bonificaci\u00f3n del 150% de monedas gratis en la primera compra &#8211; Consigue 1 mill\u00f3n de GC + 15 SC por 9,99 $.<\/li>\n<\/ul>\n<p>Si combinas las dos partes de esta promoci\u00f3n, los nuevos jugadores que se registren con nuestro c\u00f3digo JEFEBONUS recibir\u00e1n 1,1 millones de GC y 20 SC por s\u00f3lo 9,99 $. Creemos que esta combinaci\u00f3n de juego gratis y valor de compra es la mejor oferta de bienvenida del sector de los casinos con sorteos. <\/p>\n<p><img decoding=\"async\" src=\"https:\/\/blog.jefebet.com\/wp-content\/uploads\/2025\/04\/JefeBet-Promo-Code-Offer.jpg\" alt=\"Oferta C\u00f3digo Promocional JefeBet\"><\/p>\n<h2>Condiciones de la promoci\u00f3n<\/h2>\n<p>Para asegurarte una experiencia sin problemas al reclamar tu bono de JefeBet, es importante que entiendas los t\u00e9rminos y condiciones de la promoci\u00f3n. Empieza por asegurarte de que cumples los requisitos para jugar en JefeBet. <\/p>\n<p>Todos los jugadores de JefeBet deben tener al menos 21 a\u00f1os de edad y residir en un estado en el que opere JefeBet. Actualmente, JefeBet no est\u00e1 disponible en los siguientes mercados: Connecticut, Delaware, Hawai, Idaho, Kentucky, Luisiana, Maryland, Michigan, Montana, Nevada, Nueva Jersey, Nueva York, Pensilvania, Washington, Virginia Occidental y territorios fuera de los Estados Unidos de Am\u00e9rica. <\/p>\n<p>La oferta de registro s\u00f3lo est\u00e1 disponible para nuevos jugadores y requiere el uso del c\u00f3digo promocional <strong>JEFEBONUS<\/strong> durante el registro. Esta bonificaci\u00f3n se abonar\u00e1 en tu cuenta inmediatamente despu\u00e9s de que te registres y verifiques tu correo electr\u00f3nico.   <\/p>\n<p>La promoci\u00f3n de primera compra (bonificaci\u00f3n del 150% de monedas gratis) s\u00f3lo se aplica a tu primera compra de monedas en JefeBet.com y s\u00f3lo se puede reclamar en el paquete de monedas de 9,99 $. Las monedas de sorteo recibidas a trav\u00e9s de esta promoci\u00f3n deben jugarse una sola vez para poder canjearlas. Ten en cuenta que JefeBet es uno de los \u00fanicos casinos de sorteos que ofrece SC con un requisito de apuesta de 1x, lo que la convierte en una de las ofertas m\u00e1s favorables para los jugadores del sector.  <\/p>\n<h3>C\u00f3mo reclamar tu oferta<\/h3>\n<p>Reclamar tu bono de registro y primera compra de JefeBet es r\u00e1pido y sencillo. S\u00f3lo tienes que seguir estos cuatro sencillos pasos: <\/p>\n<ul>\n<li>Visita la <a href=\"https:\/\/jefebet.com\" target=\"_blank\" rel=\"noopener\">p\u00e1gina de registro de JefeBet<\/a><\/li>\n<li>Crea tu cuenta e introduce JEFEBONUS en el campo de c\u00f3digo promocional cuando se te solicite<\/li>\n<li>Completa el proceso de registro verificando tu direcci\u00f3n de correo electr\u00f3nico<\/li>\n<li>Compra el paquete de 9,99 $ en los 14 d\u00edas siguientes al registro<\/li>\n<\/ul>\n<h2>\u00bfPor qu\u00e9 elegir JefeBet?<\/h2>\n<p>JefeBet se ha establecido r\u00e1pidamente como uno de los casinos con sorteos m\u00e1s atractivos del sector. Lo que diferencia a JefeBet no es s\u00f3lo su impresionante biblioteca de juegos, con t\u00edtulos de Pragmatic Play, uno de los desarrolladores m\u00e1s populares del sector de los casinos en l\u00ednea, sino tambi\u00e9n su generoso RTP. Juegos como Gates of Olympus, Sweet Bonanza y Big Bass Bonanza est\u00e1n disponibles con RTP m\u00e1s altos que los que los jugadores encontrar\u00e1n en la mayor\u00eda de los sitios de la competencia.  <\/p>\n<p>La experiencia de usuario de la plataforma es excepcional, con una interfaz limpia que funciona a la perfecci\u00f3n tanto en ordenadores de sobremesa como en dispositivos m\u00f3viles, sin necesidad de descargar aplicaciones o juegos. El servicio de atenci\u00f3n al cliente tambi\u00e9n es un elemento b\u00e1sico de la oferta de JefeBet: nuestros agentes est\u00e1n disponibles 24 horas al d\u00eda, 7 d\u00edas a la semana, a trav\u00e9s del servicio de tickets, \u00a1lo que ha dado como resultado una <a href=\"https:\/\/www.trustpilot.com\/review\/jefebet.com\" target=\"_blank\" rel=\"noopener\">puntuaci\u00f3n de 4,2 en Trust Pilot<\/a>! <\/p>\n<p>En cuanto a los canjes, JefeBet procesa las solicitudes de retirada en 48 horas, bastante m\u00e1s r\u00e1pido que muchos competidores, que pueden tardar hasta 5-7 d\u00edas laborables. Con un umbral m\u00ednimo de canje de 100 SC, cobrar tus ganancias es sencillo y accesible. <\/p>\n<h2>Preguntas frecuentes<\/h2>\n<h3><em>\u00bfQu\u00e9 es el c\u00f3digo promocional JefeBet?<\/em><\/h3>\n<p>El mejor c\u00f3digo promocional disponible de JefeBet es JEFEBONUS. Si utilizas este c\u00f3digo durante el registro, desbloquear\u00e1s tu bono de inscripci\u00f3n de 100.000 Monedas de Oro y 5 Monedas de Barrido sin necesidad de realizar ninguna compra. Siempre puedes jugar gratis en JefeBet y nuestra asistencia AMOE es magn\u00edfica.  <\/p>\n<h3><em>\u00bfEs JefeBet un casino de sorteos leg\u00edtimo?<\/em><\/h3>\n<p>S\u00ed, JefeBet es un casino de sorteos leg\u00edtimo que opera conforme a las leyes de sorteos de EE.UU. Utilizamos el sistema est\u00e1ndar de doble moneda con Monedas de Oro (para entretenimiento) y Monedas de Sorteo (canjeables por premios en met\u00e1lico), lo que les permite operar legalmente en la mayor\u00eda de los estados de EEUU. <\/p>\n<h3><em>\u00bfPuedo jugar a JefeBet en mi dispositivo m\u00f3vil?<\/em><\/h3>\n<p>S\u00ed, JefeBet est\u00e1 totalmente optimizado para jugar desde el m\u00f3vil. El sitio utiliza tecnolog\u00eda de dise\u00f1o responsivo que se adapta a cualquier tama\u00f1o de pantalla, proporcionando una experiencia perfecta en tel\u00e9fonos inteligentes y tabletas sin necesidad de descargar una aplicaci\u00f3n dedicada. <\/p>\n<h3><em>\u00bfCu\u00e1nto tardan los canjes de JefeBet?<\/em><\/h3>\n<p>JefeBet procesa las solicitudes de canje en 48 horas, lo que es m\u00e1s r\u00e1pido que la media del sector. Una vez aprobada, la transferencia bancaria puede tardar entre 3 y 5 d\u00edas laborables m\u00e1s. <\/p>\n<\/div>\n","protected":false},"excerpt":{"rendered":"<p>Consigue 100.000 CG y 5 SC gratis al registrarte \u00danete a Jefe Detalles de la oferta del C\u00f3digo Promocional JefeBet \u00bfBuscas la mejor oferta disponible de c\u00f3digo promocional de JefeBet? Te tenemos cubierto con una promoci\u00f3n exclusiva disponible s\u00f3lo para los lectores de nuestro blog. Los nuevos jugadores pueden utilizar el c\u00f3digo promocional JEFEBONUS para [&hellip;] <a class=\"g1-link g1-link-more\" href=\"https:\/\/blog.jefebet.com\/es\/codigo-promocional-jefebet\/\">More<\/a><\/p>\n","protected":false},"author":2396,"featured_media":0,"parent":0,"menu_order":0,"comment_status":"closed","ping_status":"closed","template":"g1-template-page-full.php","meta":{"inline_featured_image":false,"footnotes":""},"class_list":["post-478686","page","type-page","status-publish"],"wps_subtitle":"","_links":{"self":[{"href":"https:\/\/blog.jefebet.com\/es\/wp-json\/wp\/v2\/pages\/478686","targetHints":{"allow":["GET"]}}],"collection":[{"href":"https:\/\/blog.jefebet.com\/es\/wp-json\/wp\/v2\/pages"}],"about":[{"href":"https:\/\/blog.jefebet.com\/es\/wp-json\/wp\/v2\/types\/page"}],"author":[{"embeddable":true,"href":"https:\/\/blog.jefebet.com\/es\/wp-json\/wp\/v2\/users\/2396"}],"replies":[{"embeddable":true,"href":"https:\/\/blog.jefebet.com\/es\/wp-json\/wp\/v2\/comments?post=478686"}],"version-history":[{"count":0,"href":"https:\/\/blog.jefebet.com\/es\/wp-json\/wp\/v2\/pages\/478686\/revisions"}],"wp:attachment":[{"href":"https:\/\/blog.jefebet.com\/es\/wp-json\/wp\/v2\/media?parent=478686"}],"curies":[{"name":"wp","href":"https:\/\/api.w.org\/{rel}","templated":true}]}}